{"id":220,"date":"2025-09-09T10:31:45","date_gmt":"2025-09-09T08:31:45","guid":{"rendered":"https:\/\/www.fisiosergiogomez.com\/?page_id=220"},"modified":"2025-10-21T10:47:56","modified_gmt":"2025-10-21T08:47:56","slug":"tecnologia","status":"publish","type":"page","link":"https:\/\/www.fisiosergiogomez.com\/index.php\/tecnologia\/","title":{"rendered":"Tecnologia"},"content":{"rendered":"<p>[et_pb_section fb_built=\u00bb1&#8243; _builder_version=\u00bb4.27.4&#8243; _module_preset=\u00bbdefault\u00bb background_image=\u00bbhttps:\/\/www.fisiosergiogomez.com\/wp-content\/uploads\/2025\/09\/Ecografia-en-fisioterapia-y-Podologia-Toledo.jpg\u00bb background_enable_pattern_style=\u00bbon\u00bb background_pattern_style=\u00bbtufted\u00bb custom_padding=\u00bb0px||0px|||\u00bb global_colors_info=\u00bb{}\u00bb][et_pb_row _builder_version=\u00bb4.27.4&#8243; _module_preset=\u00bbdefault\u00bb width=\u00bb100%\u00bb max_width=\u00bb2560px\u00bb height=\u00bb293px\u00bb global_colors_info=\u00bb{}\u00bb][et_pb_column type=\u00bb4_4&#8243; _builder_version=\u00bb4.27.4&#8243; _module_preset=\u00bbdefault\u00bb global_colors_info=\u00bb{}\u00bb][et_pb_text _builder_version=\u00bb4.27.4&#8243; _module_preset=\u00bbdefault\u00bb header_font=\u00bbPoppins|900|||||||\u00bb header_font_size=\u00bb74px\u00bb text_orientation=\u00bbcenter\u00bb custom_margin=\u00bb51px|||-415px|false|false\u00bb custom_margin_tablet=\u00bb51px|||-415px|false|false\u00bb custom_margin_phone=\u00bb80px|||0px|false|false\u00bb custom_margin_last_edited=\u00bbon|phone\u00bb header_font_size_tablet=\u00bb74px\u00bb header_font_size_phone=\u00bb30px\u00bb header_font_size_last_edited=\u00bbon|phone\u00bb global_colors_info=\u00bb{}\u00bb]<\/p>\n<h1><strong>Maquinaria<\/strong><\/h1>\n<p>[\/et_pb_text][\/et_pb_column][\/et_pb_row][\/et_pb_section][et_pb_section fb_built=\u00bb1&#8243; _builder_version=\u00bb4.27.4&#8243; _module_preset=\u00bbdefault\u00bb custom_margin=\u00bb-23px|||||\u00bb custom_padding=\u00bb13px||4px|||\u00bb global_colors_info=\u00bb{}\u00bb][et_pb_row _builder_version=\u00bb4.27.4&#8243; _module_preset=\u00bbdefault\u00bb custom_padding=\u00bb21px|||||\u00bb global_colors_info=\u00bb{}\u00bb][et_pb_column type=\u00bb4_4&#8243; _builder_version=\u00bb4.27.4&#8243; _module_preset=\u00bbdefault\u00bb global_colors_info=\u00bb{}\u00bb][et_pb_text _builder_version=\u00bb4.27.4&#8243; _module_preset=\u00bbdefault\u00bb text_text_color=\u00bb#3e5145&#8243; custom_padding=\u00bb2px|||||\u00bb global_colors_info=\u00bb{}\u00bb]<\/p>\n<h2 style=\"text-align: center;\"><strong>Conoce todos nuestros dispositivos de alto rendimiento.<\/strong><\/h2>\n<p>&nbsp;<\/p>\n<h4 style=\"text-align: center;\">En Cl\u00ednica de Fisioterapia Sergio G\u00f3mez tenemos diversos dispositivos con los que podemos aplicar las terapias al m\u00e1s alto nivel<\/h4>\n<p>[\/et_pb_text][\/et_pb_column][\/et_pb_row][\/et_pb_section][et_pb_section fb_built=\u00bb1&#8243; _builder_version=\u00bb4.27.4&#8243; _module_preset=\u00bbdefault\u00bb background_color=\u00bb#3e5145&#8243; custom_padding=\u00bb4px||10px|||\u00bb global_colors_info=\u00bb{}\u00bb][et_pb_row _builder_version=\u00bb4.27.4&#8243; _module_preset=\u00bbdefault\u00bb custom_margin=\u00bb|auto|-23px|auto||\u00bb global_colors_info=\u00bb{}\u00bb][et_pb_column type=\u00bb4_4&#8243; _builder_version=\u00bb4.27.4&#8243; _module_preset=\u00bbdefault\u00bb global_colors_info=\u00bb{}\u00bb][et_pb_text _builder_version=\u00bb4.27.4&#8243; _module_preset=\u00bbdefault\u00bb text_text_color=\u00bb#FFFFFF\u00bb min_height=\u00bb65px\u00bb custom_padding=\u00bb||23px|||\u00bb global_colors_info=\u00bb{}\u00bb]<\/p>\n<h1 style=\"text-align: left;\"><span style=\"color: #ffffff;\"><strong>ECOGRAF\u00cdA<\/strong><\/span><\/h1>\n<p>[\/et_pb_text][\/et_pb_column][\/et_pb_row][\/et_pb_section][et_pb_section fb_built=\u00bb1&#8243; _builder_version=\u00bb4.27.4&#8243; _module_preset=\u00bbdefault\u00bb min_height=\u00bb456.6px\u00bb custom_margin=\u00bb-20px|||||\u00bb custom_padding=\u00bb||0px|||\u00bb global_colors_info=\u00bb{}\u00bb][et_pb_row column_structure=\u00bb1_2,1_2&#8243; _builder_version=\u00bb4.27.4&#8243; _module_preset=\u00bbdefault\u00bb custom_padding=\u00bb||86px|||\u00bb global_colors_info=\u00bb{}\u00bb][et_pb_column type=\u00bb1_2&#8243; _builder_version=\u00bb4.27.4&#8243; _module_preset=\u00bbdefault\u00bb global_colors_info=\u00bb{}\u00bb][et_pb_text _builder_version=\u00bb4.27.4&#8243; _module_preset=\u00bbdefault\u00bb global_colors_info=\u00bb{}\u00bb]<\/p>\n<p>La ecograf\u00eda en fisioterapia es una t\u00e9cnica de imagen por ultrasonido que utiliza ondas sonoras de alta frecuencia para obtener im\u00e1genes en tiempo real de los tejidos del cuerpo. Nos permite ver:<\/p>\n<ul>\n<li data-start=\"978\" data-end=\"1041\">\n<p data-start=\"980\" data-end=\"1041\">Estado de los m\u00fasculos (roturas, atrofia, inflamaci\u00f3n).<\/p>\n<\/li>\n<li data-start=\"1042\" data-end=\"1112\">\n<p data-start=\"1044\" data-end=\"1112\">Tendinopat\u00edas (engrosamientos, calcificaciones, degeneraci\u00f3n).<\/p>\n<\/li>\n<li data-start=\"1113\" data-end=\"1188\">\n<p data-start=\"1115\" data-end=\"1188\">Lesiones en ligamentos (distensiones, roturas parciales o totales).<\/p>\n<\/li>\n<li data-start=\"1189\" data-end=\"1248\">\n<p data-start=\"1191\" data-end=\"1248\">Compresiones o irritaciones de nervios perif\u00e9ricos.<\/p>\n<\/li>\n<li data-start=\"1249\" data-end=\"1319\">\n<p data-start=\"1251\" data-end=\"1319\">Presencia de l\u00edquido (edema, derrames articulares, hematomas).<\/p>\n<\/li>\n<\/ul>\n<p>La ecograf\u00eda en fisioterapia es una herramienta de gran valor porque mejora la evaluaci\u00f3n, el tratamiento y el seguimiento de las lesiones musculoesquel\u00e9ticas, aportando seguridad, rapidez y precisi\u00f3n, tanto para el fisioterapeuta como para el paciente.<\/p>\n<p>[\/et_pb_text][\/et_pb_column][et_pb_column type=\u00bb1_2&#8243; _builder_version=\u00bb4.27.4&#8243; _module_preset=\u00bbdefault\u00bb global_colors_info=\u00bb{}\u00bb][et_pb_image src=\u00bbhttps:\/\/www.fisiosergiogomez.com\/wp-content\/uploads\/2025\/09\/fisioterapia_madrid_blog115.jpg\u00bb title_text=\u00bbfisioterapia_madrid_blog115&#8243; _builder_version=\u00bb4.27.4&#8243; _module_preset=\u00bbdefault\u00bb width=\u00bb94%\u00bb min_height=\u00bb154px\u00bb custom_margin=\u00bb|-76px||||\u00bb custom_padding=\u00bb|0px||||\u00bb global_colors_info=\u00bb{}\u00bb][\/et_pb_image][\/et_pb_column][\/et_pb_row][\/et_pb_section][et_pb_section fb_built=\u00bb1&#8243; _builder_version=\u00bb4.27.4&#8243; _module_preset=\u00bbdefault\u00bb background_color=\u00bb#3e5145&#8243; custom_padding=\u00bb2px||0px|||\u00bb global_colors_info=\u00bb{}\u00bb][et_pb_row _builder_version=\u00bb4.27.4&#8243; _module_preset=\u00bbdefault\u00bb custom_padding=\u00bb34px|||||\u00bb global_colors_info=\u00bb{}\u00bb][et_pb_column type=\u00bb4_4&#8243; _builder_version=\u00bb4.27.4&#8243; _module_preset=\u00bbdefault\u00bb global_colors_info=\u00bb{}\u00bb][et_pb_text _builder_version=\u00bb4.27.4&#8243; _module_preset=\u00bbdefault\u00bb global_colors_info=\u00bb{}\u00bb]<\/p>\n<h1><span style=\"color: #ffffff;\"><strong>DIATERMIA<\/strong><\/span><\/h1>\n<p>[\/et_pb_text][\/et_pb_column][\/et_pb_row][\/et_pb_section][et_pb_section fb_built=\u00bb1&#8243; _builder_version=\u00bb4.27.4&#8243; _module_preset=\u00bbdefault\u00bb custom_padding=\u00bb||6px|||\u00bb global_colors_info=\u00bb{}\u00bb][et_pb_row column_structure=\u00bb1_2,1_2&#8243; _builder_version=\u00bb4.27.4&#8243; _module_preset=\u00bbdefault\u00bb custom_margin=\u00bb-52px|auto||auto||\u00bb custom_padding=\u00bb78px|||||\u00bb global_colors_info=\u00bb{}\u00bb][et_pb_column type=\u00bb1_2&#8243; _builder_version=\u00bb4.27.4&#8243; _module_preset=\u00bbdefault\u00bb global_colors_info=\u00bb{}\u00bb][et_pb_text _builder_version=\u00bb4.27.4&#8243; _module_preset=\u00bbdefault\u00bb global_colors_info=\u00bb{}\u00bb]<\/p>\n<p>&nbsp;<\/p>\n<p>La diatermia es una t\u00e9cnica de electroterapia de alta frecuencia que genera un aumento de temperatura en los tejidos profundos del cuerpo mediante la aplicaci\u00f3n de corrientes el\u00e9ctricas.<\/p>\n<p>El calor no viene de fuera (como en una compresa caliente), sino que se produce dentro del tejido gracias al paso de la corriente. Sus objetivos principales:<\/p>\n<ul>\n<li data-start=\"579\" data-end=\"635\">\n<p data-start=\"581\" data-end=\"635\">Aumentar la circulaci\u00f3n sangu\u00ednea y oxigenaci\u00f3n.<\/p>\n<\/li>\n<li data-start=\"636\" data-end=\"714\">\n<p data-start=\"638\" data-end=\"714\">Favorecer la regeneraci\u00f3n de tejidos (m\u00fasculos, tendones, ligamentos).<\/p>\n<\/li>\n<li data-start=\"715\" data-end=\"767\">\n<p data-start=\"717\" data-end=\"767\">Disminuir el dolor y la inflamaci\u00f3n cr\u00f3nica.<\/p>\n<\/li>\n<li data-start=\"768\" data-end=\"813\">\n<p data-start=\"770\" data-end=\"813\">Relajar la musculatura contracturada.<\/p>\n<\/li>\n<li data-start=\"814\" data-end=\"887\">\n<p data-start=\"816\" data-end=\"887\">Preparar los tejidos para t\u00e9cnicas manuales (masaje, movilizaciones).<\/p>\n<\/li>\n<\/ul>\n<p>&nbsp;<\/p>\n<p>[\/et_pb_text][\/et_pb_column][et_pb_column type=\u00bb1_2&#8243; _builder_version=\u00bb4.27.4&#8243; _module_preset=\u00bbdefault\u00bb global_colors_info=\u00bb{}\u00bb][et_pb_image src=\u00bbhttps:\/\/www.fisiosergiogomez.com\/wp-content\/uploads\/2025\/09\/diatermia-fisioterapia.jpg\u00bb title_text=\u00bbScreenshot\u00bb align=\u00bbcenter\u00bb _builder_version=\u00bb4.27.4&#8243; _module_preset=\u00bbdefault\u00bb min_height=\u00bb361px\u00bb custom_margin=\u00bb||-4px|||\u00bb global_colors_info=\u00bb{}\u00bb][\/et_pb_image][\/et_pb_column][\/et_pb_row][\/et_pb_section][et_pb_section fb_built=\u00bb1&#8243; _builder_version=\u00bb4.27.4&#8243; _module_preset=\u00bbdefault\u00bb background_color=\u00bb#3e5145&#8243; custom_padding=\u00bb2px||0px|||\u00bb locked=\u00bboff\u00bb global_colors_info=\u00bb{}\u00bb][et_pb_row _builder_version=\u00bb4.27.4&#8243; _module_preset=\u00bbdefault\u00bb custom_padding=\u00bb||11px|||\u00bb global_colors_info=\u00bb{}\u00bb][et_pb_column type=\u00bb4_4&#8243; _builder_version=\u00bb4.27.4&#8243; _module_preset=\u00bbdefault\u00bb global_colors_info=\u00bb{}\u00bb][et_pb_text _builder_version=\u00bb4.27.4&#8243; _module_preset=\u00bbdefault\u00bb custom_padding=\u00bb||1px|||\u00bb global_colors_info=\u00bb{}\u00bb]<\/p>\n<h1><span style=\"color: #ffffff;\"><strong><\/strong><\/span><\/h1>\n<h1><strong><span style=\"color: #ffffff;\">ELECTROESTIMULADOR DE ACUPUNTURA<\/span><\/strong><\/h1>\n<p>&nbsp;<\/p>\n<p>[\/et_pb_text][\/et_pb_column][\/et_pb_row][\/et_pb_section][et_pb_section fb_built=\u00bb1&#8243; _builder_version=\u00bb4.27.4&#8243; _module_preset=\u00bbdefault\u00bb custom_padding=\u00bb54px||24px|||\u00bb locked=\u00bboff\u00bb global_colors_info=\u00bb{}\u00bb][et_pb_row column_structure=\u00bb1_2,1_2&#8243; _builder_version=\u00bb4.27.4&#8243; _module_preset=\u00bbdefault\u00bb custom_margin=\u00bb-45px|auto||auto||\u00bb custom_padding=\u00bb62px|||||\u00bb global_colors_info=\u00bb{}\u00bb][et_pb_column type=\u00bb1_2&#8243; _builder_version=\u00bb4.27.4&#8243; _module_preset=\u00bbdefault\u00bb global_colors_info=\u00bb{}\u00bb][et_pb_text _builder_version=\u00bb4.27.4&#8243; _module_preset=\u00bbdefault\u00bb custom_padding=\u00bb0px|||||\u00bb global_colors_info=\u00bb{}\u00bb]<\/p>\n<p>&nbsp;<\/p>\n<p>El <strong data-start=\"165\" data-end=\"179\">ITO ES-130<\/strong> es un electroestimulador port\u00e1til de alta calidad, dise\u00f1ado en Jap\u00f3n para potenciar los beneficios de la acupuntura. Gracias a su tecnolog\u00eda avanzada, permite aplicar <strong data-start=\"347\" data-end=\"395\">electroestimulaci\u00f3n directa sobre las agujas<\/strong>, consiguiendo un tratamiento m\u00e1s profundo y eficaz.<\/p>\n<h3 data-start=\"451\" data-end=\"482\">\u00a0Beneficios terap\u00e9uticos<\/h3>\n<ul data-start=\"483\" data-end=\"780\">\n<li data-start=\"483\" data-end=\"528\">\n<p data-start=\"485\" data-end=\"528\">Alivia el <strong data-start=\"495\" data-end=\"525\">dolor muscular y articular<\/strong>.<\/p>\n<\/li>\n<li data-start=\"529\" data-end=\"587\">\n<p data-start=\"531\" data-end=\"587\">Favorece la <strong data-start=\"543\" data-end=\"584\">relajaci\u00f3n y liberaci\u00f3n de la tensi\u00f3n<\/strong>.<\/p>\n<\/li>\n<li data-start=\"588\" data-end=\"642\">\n<p data-start=\"590\" data-end=\"642\">Estimula la <strong data-start=\"602\" data-end=\"639\">circulaci\u00f3n sangu\u00ednea y linf\u00e1tica<\/strong>.<\/p>\n<\/li>\n<li data-start=\"643\" data-end=\"721\">\n<p data-start=\"645\" data-end=\"721\">Mejora la recuperaci\u00f3n en casos de <strong data-start=\"680\" data-end=\"718\">lesiones deportivas y contracturas<\/strong>.<\/p>\n<\/li>\n<li data-start=\"722\" data-end=\"780\">\n<p data-start=\"724\" data-end=\"780\">Potencia los efectos de la <strong data-start=\"751\" data-end=\"777\">acupuntura tradicional<\/strong>.<\/p>\n<\/li>\n<\/ul>\n<h3 data-start=\"782\" data-end=\"817\">\u00a0Caracter\u00edsticas destacadas<\/h3>\n<ul data-start=\"818\" data-end=\"1105\">\n<li data-start=\"818\" data-end=\"887\">\n<p data-start=\"820\" data-end=\"887\"><strong data-start=\"820\" data-end=\"848\">3 canales independientes<\/strong> para trabajar varias zonas a la vez.<\/p>\n<\/li>\n<li data-start=\"888\" data-end=\"969\">\n<p data-start=\"890\" data-end=\"969\">Amplio <strong data-start=\"897\" data-end=\"932\">rango de frecuencias ajustables<\/strong> para adaptarse a cada tratamiento.<\/p>\n<\/li>\n<li data-start=\"970\" data-end=\"1014\">\n<p data-start=\"972\" data-end=\"1014\">Compacto, ligero y f\u00e1cil de transportar.<\/p>\n<\/li>\n<li data-start=\"1015\" data-end=\"1105\">\n<p data-start=\"1017\" data-end=\"1105\">Fabricado por <strong data-start=\"1031\" data-end=\"1048\">ITO Co., Ltd.<\/strong>, referente internacional en equipos de electroterapia.<\/p>\n<\/li>\n<\/ul>\n<p>&nbsp;<\/p>\n<p><span style=\"font-size: 14px;\">\u00a0<\/span><\/p>\n<p>[\/et_pb_text][\/et_pb_column][et_pb_column type=\u00bb1_2&#8243; _builder_version=\u00bb4.27.4&#8243; _module_preset=\u00bbdefault\u00bb global_colors_info=\u00bb{}\u00bb][et_pb_image src=\u00bbhttps:\/\/www.fisiosergiogomez.com\/wp-content\/uploads\/2025\/09\/termoterapia-diatermia.jpg\u00bb title_text=\u00bbtermoterapia-diatermia\u00bb _builder_version=\u00bb4.27.4&#8243; _module_preset=\u00bbdefault\u00bb global_colors_info=\u00bb{}\u00bb][\/et_pb_image][\/et_pb_column][\/et_pb_row][\/et_pb_section][et_pb_section fb_built=\u00bb1&#8243; _builder_version=\u00bb4.27.4&#8243; _module_preset=\u00bbdefault\u00bb background_color=\u00bb#3e5145&#8243; custom_padding=\u00bb2px||0px|||\u00bb locked=\u00bboff\u00bb global_colors_info=\u00bb{}\u00bb][et_pb_row _builder_version=\u00bb4.27.4&#8243; _module_preset=\u00bbdefault\u00bb global_colors_info=\u00bb{}\u00bb][et_pb_column type=\u00bb4_4&#8243; _builder_version=\u00bb4.27.4&#8243; _module_preset=\u00bbdefault\u00bb global_colors_info=\u00bb{}\u00bb][et_pb_text _builder_version=\u00bb4.27.4&#8243; _module_preset=\u00bbdefault\u00bb custom_padding=\u00bb3px||1px|||\u00bb global_colors_info=\u00bb{}\u00bb]<\/p>\n<h1><span style=\"color: #ffffff;\"><strong>ONDAS DE CHOQUE<\/strong><\/span><\/h1>\n<p>[\/et_pb_text][\/et_pb_column][\/et_pb_row][\/et_pb_section][et_pb_section fb_built=\u00bb1&#8243; _builder_version=\u00bb4.27.4&#8243; _module_preset=\u00bbdefault\u00bb custom_padding=\u00bb4px|||||\u00bb bottom_divider_style=\u00bbwave\u00bb bottom_divider_color=\u00bb#3d5245&#8243; locked=\u00bboff\u00bb global_colors_info=\u00bb{}\u00bb][et_pb_row column_structure=\u00bb1_2,1_2&#8243; _builder_version=\u00bb4.27.4&#8243; _module_preset=\u00bbdefault\u00bb custom_margin=\u00bb|auto|24px|auto||\u00bb custom_padding=\u00bb53px|||||\u00bb global_colors_info=\u00bb{}\u00bb][et_pb_column type=\u00bb1_2&#8243; _builder_version=\u00bb4.27.4&#8243; _module_preset=\u00bbdefault\u00bb global_colors_info=\u00bb{}\u00bb][et_pb_text _builder_version=\u00bb4.27.4&#8243; _module_preset=\u00bbdefault\u00bb custom_padding=\u00bb0px|||||\u00bb global_colors_info=\u00bb{}\u00bb]<\/p>\n<p>&nbsp;<\/p>\n<p>Las ondas de choque son ondas ac\u00fasticas de alta energ\u00eda que se transmiten a trav\u00e9s de la piel hacia los tejidos lesionados.<\/p>\n<p><br data-start=\"374\" data-end=\"377\" \/>Se aplican con un cabezal especial que genera pulsos mec\u00e1nicos, los cuales provocan micro-est\u00edmulos en la zona tratada, desencadenando una respuesta biol\u00f3gica de reparaci\u00f3n. Sus objetivos principales son:<\/p>\n<ul>\n<li data-start=\"589\" data-end=\"688\">\n<p data-start=\"591\" data-end=\"688\">Estimular la regeneraci\u00f3n de los tejidos (formaci\u00f3n de nuevos vasos sangu\u00edneos y col\u00e1geno).<\/p>\n<\/li>\n<li data-start=\"689\" data-end=\"747\">\n<p data-start=\"691\" data-end=\"747\">Disminuir el dolor cr\u00f3nico en tendones y m\u00fasculos.<\/p>\n<\/li>\n<li data-start=\"748\" data-end=\"836\">\n<p data-start=\"750\" data-end=\"836\">Favorecer la reabsorci\u00f3n de calcificaciones en tendones (por ejemplo en hombro).<\/p>\n<\/li>\n<li data-start=\"837\" data-end=\"898\">\n<p data-start=\"839\" data-end=\"898\">Acelerar la curaci\u00f3n de lesiones musculoesquel\u00e9ticas.<\/p>\n<\/li>\n<li data-start=\"899\" data-end=\"961\">\n<p data-start=\"901\" data-end=\"961\">Mejorar la movilidad al reducir adherencias y rigidez.<\/p>\n<\/li>\n<\/ul>\n<p><span style=\"font-size: 14px;\">\u00a0<\/span><\/p>\n<p>[\/et_pb_text][\/et_pb_column][et_pb_column type=\u00bb1_2&#8243; _builder_version=\u00bb4.27.4&#8243; _module_preset=\u00bbdefault\u00bb global_colors_info=\u00bb{}\u00bb][et_pb_image src=\u00bbhttps:\/\/www.fisiosergiogomez.com\/wp-content\/uploads\/2025\/09\/para-que-sirven-las-ondas-de-choque.jpg\u00bb title_text=\u00bbxr:d:DAFHlo17tmo:8,j:4181493886,t:23022310&#8243; _builder_version=\u00bb4.27.4&#8243; _module_preset=\u00bbdefault\u00bb global_colors_info=\u00bb{}\u00bb][\/et_pb_image][\/et_pb_column][\/et_pb_row][\/et_pb_section]<\/p>\n","protected":false},"excerpt":{"rendered":"<p>MaquinariaConoce todos nuestros dispositivos de alto rendimiento. &nbsp; En Cl\u00ednica de Fisioterapia Sergio G\u00f3mez tenemos diversos dispositivos con los que podemos aplicar las terapias al m\u00e1s alto nivelECOGRAF\u00cdALa ecograf\u00eda en fisioterapia es una t\u00e9cnica de imagen por ultrasonido que utiliza ondas sonoras de alta frecuencia para obtener im\u00e1genes en tiempo real de los tejidos del [&hellip;]<\/p>\n","protected":false},"author":1,"featured_media":0,"parent":0,"menu_order":0,"comment_status":"closed","ping_status":"closed","template":"","meta":{"_et_pb_use_builder":"on","_et_pb_old_content":"","_et_gb_content_width":"","_joinchat":[],"footnotes":""},"class_list":["post-220","page","type-page","status-publish","hentry"],"yoast_head":"<!-- This site is optimized with the Yoast SEO plugin v27.4 - https:\/\/yoast.com\/product\/yoast-seo-wordpress\/ -->\n<title>Tecnologia - Fisio Sergio Gomez<\/title>\n<meta name=\"robots\" content=\"index, follow, max-snippet:-1, max-image-preview:large, max-video-preview:-1\" \/>\n<link rel=\"canonical\" href=\"https:\/\/www.fisiosergiogomez.com\/index.php\/tecnologia\/\" \/>\n<meta property=\"og:locale\" content=\"es_ES\" \/>\n<meta property=\"og:type\" content=\"article\" \/>\n<meta property=\"og:title\" content=\"Tecnologia - Fisio Sergio Gomez\" \/>\n<meta property=\"og:description\" content=\"MaquinariaConoce todos nuestros dispositivos de alto rendimiento. &nbsp; En Cl\u00ednica de Fisioterapia Sergio G\u00f3mez tenemos diversos dispositivos con los que podemos aplicar las terapias al m\u00e1s alto nivelECOGRAF\u00cdALa ecograf\u00eda en fisioterapia es una t\u00e9cnica de imagen por ultrasonido que utiliza ondas sonoras de alta frecuencia para obtener im\u00e1genes en tiempo real de los tejidos del [&hellip;]\" \/>\n<meta property=\"og:url\" content=\"https:\/\/www.fisiosergiogomez.com\/index.php\/tecnologia\/\" \/>\n<meta property=\"og:site_name\" content=\"Fisio Sergio Gomez\" \/>\n<meta property=\"article:modified_time\" content=\"2025-10-21T08:47:56+00:00\" \/>\n<meta name=\"twitter:card\" content=\"summary_large_image\" \/>\n<meta name=\"twitter:label1\" content=\"Tiempo de lectura\" \/>\n\t<meta name=\"twitter:data1\" content=\"8 minutos\" \/>\n<script type=\"application\/ld+json\" class=\"yoast-schema-graph\">{\"@context\":\"https:\\\/\\\/schema.org\",\"@graph\":[{\"@type\":\"WebPage\",\"@id\":\"https:\\\/\\\/www.fisiosergiogomez.com\\\/index.php\\\/tecnologia\\\/\",\"url\":\"https:\\\/\\\/www.fisiosergiogomez.com\\\/index.php\\\/tecnologia\\\/\",\"name\":\"Tecnologia - Fisio Sergio Gomez\",\"isPartOf\":{\"@id\":\"https:\\\/\\\/www.fisiosergiogomez.com\\\/#website\"},\"datePublished\":\"2025-09-09T08:31:45+00:00\",\"dateModified\":\"2025-10-21T08:47:56+00:00\",\"breadcrumb\":{\"@id\":\"https:\\\/\\\/www.fisiosergiogomez.com\\\/index.php\\\/tecnologia\\\/#breadcrumb\"},\"inLanguage\":\"es\",\"potentialAction\":[{\"@type\":\"ReadAction\",\"target\":[\"https:\\\/\\\/www.fisiosergiogomez.com\\\/index.php\\\/tecnologia\\\/\"]}]},{\"@type\":\"BreadcrumbList\",\"@id\":\"https:\\\/\\\/www.fisiosergiogomez.com\\\/index.php\\\/tecnologia\\\/#breadcrumb\",\"itemListElement\":[{\"@type\":\"ListItem\",\"position\":1,\"name\":\"Portada\",\"item\":\"https:\\\/\\\/www.fisiosergiogomez.com\\\/\"},{\"@type\":\"ListItem\",\"position\":2,\"name\":\"Tecnologia\"}]},{\"@type\":\"WebSite\",\"@id\":\"https:\\\/\\\/www.fisiosergiogomez.com\\\/#website\",\"url\":\"https:\\\/\\\/www.fisiosergiogomez.com\\\/\",\"name\":\"Fisio Sergio Gomez\",\"description\":\"Clinica de Fisioterapia en Lepe\",\"potentialAction\":[{\"@type\":\"SearchAction\",\"target\":{\"@type\":\"EntryPoint\",\"urlTemplate\":\"https:\\\/\\\/www.fisiosergiogomez.com\\\/?s={search_term_string}\"},\"query-input\":{\"@type\":\"PropertyValueSpecification\",\"valueRequired\":true,\"valueName\":\"search_term_string\"}}],\"inLanguage\":\"es\"}]}<\/script>\n<!-- \/ Yoast SEO plugin. -->","yoast_head_json":{"title":"Tecnologia - Fisio Sergio Gomez","robots":{"index":"index","follow":"follow","max-snippet":"max-snippet:-1","max-image-preview":"max-image-preview:large","max-video-preview":"max-video-preview:-1"},"canonical":"https:\/\/www.fisiosergiogomez.com\/index.php\/tecnologia\/","og_locale":"es_ES","og_type":"article","og_title":"Tecnologia - Fisio Sergio Gomez","og_description":"MaquinariaConoce todos nuestros dispositivos de alto rendimiento. &nbsp; En Cl\u00ednica de Fisioterapia Sergio G\u00f3mez tenemos diversos dispositivos con los que podemos aplicar las terapias al m\u00e1s alto nivelECOGRAF\u00cdALa ecograf\u00eda en fisioterapia es una t\u00e9cnica de imagen por ultrasonido que utiliza ondas sonoras de alta frecuencia para obtener im\u00e1genes en tiempo real de los tejidos del [&hellip;]","og_url":"https:\/\/www.fisiosergiogomez.com\/index.php\/tecnologia\/","og_site_name":"Fisio Sergio Gomez","article_modified_time":"2025-10-21T08:47:56+00:00","twitter_card":"summary_large_image","twitter_misc":{"Tiempo de lectura":"8 minutos"},"schema":{"@context":"https:\/\/schema.org","@graph":[{"@type":"WebPage","@id":"https:\/\/www.fisiosergiogomez.com\/index.php\/tecnologia\/","url":"https:\/\/www.fisiosergiogomez.com\/index.php\/tecnologia\/","name":"Tecnologia - Fisio Sergio Gomez","isPartOf":{"@id":"https:\/\/www.fisiosergiogomez.com\/#website"},"datePublished":"2025-09-09T08:31:45+00:00","dateModified":"2025-10-21T08:47:56+00:00","breadcrumb":{"@id":"https:\/\/www.fisiosergiogomez.com\/index.php\/tecnologia\/#breadcrumb"},"inLanguage":"es","potentialAction":[{"@type":"ReadAction","target":["https:\/\/www.fisiosergiogomez.com\/index.php\/tecnologia\/"]}]},{"@type":"BreadcrumbList","@id":"https:\/\/www.fisiosergiogomez.com\/index.php\/tecnologia\/#breadcrumb","itemListElement":[{"@type":"ListItem","position":1,"name":"Portada","item":"https:\/\/www.fisiosergiogomez.com\/"},{"@type":"ListItem","position":2,"name":"Tecnologia"}]},{"@type":"WebSite","@id":"https:\/\/www.fisiosergiogomez.com\/#website","url":"https:\/\/www.fisiosergiogomez.com\/","name":"Fisio Sergio Gomez","description":"Clinica de Fisioterapia en Lepe","potentialAction":[{"@type":"SearchAction","target":{"@type":"EntryPoint","urlTemplate":"https:\/\/www.fisiosergiogomez.com\/?s={search_term_string}"},"query-input":{"@type":"PropertyValueSpecification","valueRequired":true,"valueName":"search_term_string"}}],"inLanguage":"es"}]}},"_links":{"self":[{"href":"https:\/\/www.fisiosergiogomez.com\/index.php\/wp-json\/wp\/v2\/pages\/220","targetHints":{"allow":["GET"]}}],"collection":[{"href":"https:\/\/www.fisiosergiogomez.com\/index.php\/wp-json\/wp\/v2\/pages"}],"about":[{"href":"https:\/\/www.fisiosergiogomez.com\/index.php\/wp-json\/wp\/v2\/types\/page"}],"author":[{"embeddable":true,"href":"https:\/\/www.fisiosergiogomez.com\/index.php\/wp-json\/wp\/v2\/users\/1"}],"replies":[{"embeddable":true,"href":"https:\/\/www.fisiosergiogomez.com\/index.php\/wp-json\/wp\/v2\/comments?post=220"}],"version-history":[{"count":18,"href":"https:\/\/www.fisiosergiogomez.com\/index.php\/wp-json\/wp\/v2\/pages\/220\/revisions"}],"predecessor-version":[{"id":699,"href":"https:\/\/www.fisiosergiogomez.com\/index.php\/wp-json\/wp\/v2\/pages\/220\/revisions\/699"}],"wp:attachment":[{"href":"https:\/\/www.fisiosergiogomez.com\/index.php\/wp-json\/wp\/v2\/media?parent=220"}],"curies":[{"name":"wp","href":"https:\/\/api.w.org\/{rel}","templated":true}]}}